{"id":1886,"date":"2025-08-18T13:09:35","date_gmt":"2025-08-18T12:09:35","guid":{"rendered":"https:\/\/www.ferag-technologies.com\/product\/seitenschweissautomat-uni-20s\/"},"modified":"2025-09-08T13:16:42","modified_gmt":"2025-09-08T13:16:42","slug":"seitenschweissautomat-uni-20s","status":"publish","type":"product","link":"https:\/\/www.ferag-technologies.com\/de\/product\/seitenschweissautomat-uni-20s\/","title":{"rendered":"Seitenschwei\u00dfautomat UNI 20S"},"content":{"rendered":"\n<p class=\"has-medium-font-size\">Wenn es darum geht Druckerzeugnisse wie Tageszeitungen, Zeitschriften und Akzidenzen aus der Produktion zu \u00fcbernehmen und als versandfertige Einheiten bereit zu stellen, bieten wir ihnen die richtige L\u00f6sung. Die Druckerzeugnisse zu f\u00f6rdern, zu z\u00e4hlen und zu steuern ist nur ein Teil der zu bew\u00e4ltigenden Aufgabe. Auch f\u00fcr das Verpacken haben wir die richtige L\u00f6sung. Wir stellen die von uns entwickelte und gefertigte Anlage betriebsbereit bei Ihnen auf.<\/p>\n\n<p class=\"has-medium-font-size\">Der Seitenschwei\u00dfautomat UNI 20S kann mit dem Verpackungsautomaten Uni 20 kombiniert werden. Nach dem Folieneinschlag werden bei Kleinstspitzenpaketen und Einzelexemplaren die seitlichen Folien\u00fcberst\u00e4nde verschwei\u00dft und dadurch ein allseitig geschlossenes Paket hergestellt. \u00dcber einen Paketh\u00f6hensensor wird das Schwei\u00dfwerkzeug automatisch ge\u00f6ffnet oder geschlossen. Ein Umreifen der Spitzenpakete kann entfallen.<\/p>\n\n<p class=\"has-medium-font-size\"><strong>Vorteile:<\/strong><\/p>\n\n<ul class=\"wp-block-list has-medium-font-size\">\n<li>kein Einsatz von Pneumatik<\/li>\n\n\n\n<li>Steuerung \u00fcber vorgeschaltete UNI 20<\/li>\n<\/ul>\n","protected":false},"featured_media":1305,"menu_order":29,"template":"","product_category":[],"product_type":[52],"class_list":["post-1886","product","type-product","status-publish","has-post-thumbnail","hentry","product_type-neue-systeme"],"acf":[],"yoast_head":"<!-- This site is optimized with the Yoast SEO Premium plugin v26.6 (Yoast SEO v27.3) - https:\/\/yoast.com\/product\/yoast-seo-premium-wordpress\/ -->\n<title>Seitenschwei\u00dfautomat UNI 20S - Ferag Technologies<\/title>\n<meta name=\"robots\" content=\"index, follow, max-snippet:-1, max-image-preview:large, max-video-preview:-1\" \/>\n<link rel=\"canonical\" href=\"https:\/\/www.ferag-technologies.com\/de\/product\/seitenschweissautomat-uni-20s\/\" \/>\n<meta property=\"og:locale\" content=\"de_DE\" \/>\n<meta property=\"og:type\" content=\"article\" \/>\n<meta property=\"og:title\" content=\"Seitenschwei\u00dfautomat UNI 20S\" \/>\n<meta property=\"og:description\" content=\"Wenn es darum geht Druckerzeugnisse wie Tageszeitungen, Zeitschriften und Akzidenzen aus der Produktion zu \u00fcbernehmen und als versandfertige Einheiten bereit zu stellen, bieten wir ihnen die richtige L\u00f6sung. Die Druckerzeugnisse zu f\u00f6rdern, zu z\u00e4hlen und zu steuern ist nur ein Teil der zu bew\u00e4ltigenden Aufgabe. Auch f\u00fcr das Verpacken haben wir die richtige L\u00f6sung. Wir [...]Weiterlesen\u00a0\u2026 from Seitenschwei\u00dfautomat UNI 20S\" \/>\n<meta property=\"og:url\" content=\"https:\/\/www.ferag-technologies.com\/de\/product\/seitenschweissautomat-uni-20s\/\" \/>\n<meta property=\"og:site_name\" content=\"Ferag Technologies\" \/>\n<meta property=\"article:modified_time\" content=\"2025-09-08T13:16:42+00:00\" \/>\n<meta property=\"og:image\" content=\"https:\/\/www.ferag-technologies.com\/wp-content\/uploads\/2025\/08\/csm_Affeldt_UNI20S_56be26a37f.jpg\" \/>\n\t<meta property=\"og:image:width\" content=\"1600\" \/>\n\t<meta property=\"og:image:height\" content=\"1437\" \/>\n\t<meta property=\"og:image:type\" content=\"image\/jpeg\" \/>\n<meta name=\"twitter:card\" content=\"summary_large_image\" \/>\n<meta name=\"twitter:label1\" content=\"Gesch\u00e4tzte Lesezeit\" \/>\n\t<meta name=\"twitter:data1\" content=\"1\u00a0Minute\" \/>\n<script type=\"application\/ld+json\" class=\"yoast-schema-graph\">{\"@context\":\"https:\\\/\\\/schema.org\",\"@graph\":[{\"@type\":\"WebPage\",\"@id\":\"https:\\\/\\\/www.ferag-technologies.com\\\/de\\\/product\\\/seitenschweissautomat-uni-20s\\\/\",\"url\":\"https:\\\/\\\/www.ferag-technologies.com\\\/de\\\/product\\\/seitenschweissautomat-uni-20s\\\/\",\"name\":\"Seitenschwei\u00dfautomat UNI 20S - Ferag Technologies\",\"isPartOf\":{\"@id\":\"https:\\\/\\\/www.ferag-technologies.com\\\/de\\\/#website\"},\"primaryImageOfPage\":{\"@id\":\"https:\\\/\\\/www.ferag-technologies.com\\\/de\\\/product\\\/seitenschweissautomat-uni-20s\\\/#primaryimage\"},\"image\":{\"@id\":\"https:\\\/\\\/www.ferag-technologies.com\\\/de\\\/product\\\/seitenschweissautomat-uni-20s\\\/#primaryimage\"},\"thumbnailUrl\":\"https:\\\/\\\/www.ferag-technologies.com\\\/wp-content\\\/uploads\\\/2025\\\/08\\\/csm_Affeldt_UNI20S_56be26a37f.jpg\",\"datePublished\":\"2025-08-18T12:09:35+00:00\",\"dateModified\":\"2025-09-08T13:16:42+00:00\",\"breadcrumb\":{\"@id\":\"https:\\\/\\\/www.ferag-technologies.com\\\/de\\\/product\\\/seitenschweissautomat-uni-20s\\\/#breadcrumb\"},\"inLanguage\":\"de\",\"potentialAction\":[{\"@type\":\"ReadAction\",\"target\":[\"https:\\\/\\\/www.ferag-technologies.com\\\/de\\\/product\\\/seitenschweissautomat-uni-20s\\\/\"]}]},{\"@type\":\"ImageObject\",\"inLanguage\":\"de\",\"@id\":\"https:\\\/\\\/www.ferag-technologies.com\\\/de\\\/product\\\/seitenschweissautomat-uni-20s\\\/#primaryimage\",\"url\":\"https:\\\/\\\/www.ferag-technologies.com\\\/wp-content\\\/uploads\\\/2025\\\/08\\\/csm_Affeldt_UNI20S_56be26a37f.jpg\",\"contentUrl\":\"https:\\\/\\\/www.ferag-technologies.com\\\/wp-content\\\/uploads\\\/2025\\\/08\\\/csm_Affeldt_UNI20S_56be26a37f.jpg\",\"width\":1600,\"height\":1437},{\"@type\":\"BreadcrumbList\",\"@id\":\"https:\\\/\\\/www.ferag-technologies.com\\\/de\\\/product\\\/seitenschweissautomat-uni-20s\\\/#breadcrumb\",\"itemListElement\":[{\"@type\":\"ListItem\",\"position\":1,\"name\":\"Home\",\"item\":\"https:\\\/\\\/www.ferag-technologies.com\\\/de\\\/\"},{\"@type\":\"ListItem\",\"position\":2,\"name\":\"Products\",\"item\":\"https:\\\/\\\/www.ferag-technologies.com\\\/de\\\/products\\\/\"},{\"@type\":\"ListItem\",\"position\":3,\"name\":\"Seitenschwei\u00dfautomat UNI 20S\"}]},{\"@type\":\"WebSite\",\"@id\":\"https:\\\/\\\/www.ferag-technologies.com\\\/de\\\/#website\",\"url\":\"https:\\\/\\\/www.ferag-technologies.com\\\/de\\\/\",\"name\":\"Ferag Technologies\",\"description\":\"\",\"publisher\":{\"@id\":\"https:\\\/\\\/www.ferag-technologies.com\\\/de\\\/#organization\"},\"potentialAction\":[{\"@type\":\"SearchAction\",\"target\":{\"@type\":\"EntryPoint\",\"urlTemplate\":\"https:\\\/\\\/www.ferag-technologies.com\\\/de\\\/?s={search_term_string}\"},\"query-input\":{\"@type\":\"PropertyValueSpecification\",\"valueRequired\":true,\"valueName\":\"search_term_string\"}}],\"inLanguage\":\"de\"},{\"@type\":\"Organization\",\"@id\":\"https:\\\/\\\/www.ferag-technologies.com\\\/de\\\/#organization\",\"name\":\"Ferag Print\",\"url\":\"https:\\\/\\\/www.ferag-technologies.com\\\/de\\\/\",\"logo\":{\"@type\":\"ImageObject\",\"inLanguage\":\"de\",\"@id\":\"https:\\\/\\\/www.ferag-technologies.com\\\/de\\\/#\\\/schema\\\/logo\\\/image\\\/\",\"url\":\"https:\\\/\\\/www.ferag-technologies.com\\\/wp-content\\\/uploads\\\/2025\\\/09\\\/ferag-logo.png\",\"contentUrl\":\"https:\\\/\\\/www.ferag-technologies.com\\\/wp-content\\\/uploads\\\/2025\\\/09\\\/ferag-logo.png\",\"width\":451,\"height\":140,\"caption\":\"Ferag Print\"},\"image\":{\"@id\":\"https:\\\/\\\/www.ferag-technologies.com\\\/de\\\/#\\\/schema\\\/logo\\\/image\\\/\"},\"sameAs\":[\"https:\\\/\\\/www.linkedin.com\\\/company\\\/ferag-print\\\/\"]}]}<\/script>\n<!-- \/ Yoast SEO Premium plugin. -->","yoast_head_json":{"title":"Seitenschwei\u00dfautomat UNI 20S - Ferag Technologies","robots":{"index":"index","follow":"follow","max-snippet":"max-snippet:-1","max-image-preview":"max-image-preview:large","max-video-preview":"max-video-preview:-1"},"canonical":"https:\/\/www.ferag-technologies.com\/de\/product\/seitenschweissautomat-uni-20s\/","og_locale":"de_DE","og_type":"article","og_title":"Seitenschwei\u00dfautomat UNI 20S","og_description":"Wenn es darum geht Druckerzeugnisse wie Tageszeitungen, Zeitschriften und Akzidenzen aus der Produktion zu \u00fcbernehmen und als versandfertige Einheiten bereit zu stellen, bieten wir ihnen die richtige L\u00f6sung. Die Druckerzeugnisse zu f\u00f6rdern, zu z\u00e4hlen und zu steuern ist nur ein Teil der zu bew\u00e4ltigenden Aufgabe. Auch f\u00fcr das Verpacken haben wir die richtige L\u00f6sung. Wir [...]Weiterlesen\u00a0\u2026 from Seitenschwei\u00dfautomat UNI 20S","og_url":"https:\/\/www.ferag-technologies.com\/de\/product\/seitenschweissautomat-uni-20s\/","og_site_name":"Ferag Technologies","article_modified_time":"2025-09-08T13:16:42+00:00","og_image":[{"width":1600,"height":1437,"url":"https:\/\/www.ferag-technologies.com\/wp-content\/uploads\/2025\/08\/csm_Affeldt_UNI20S_56be26a37f.jpg","type":"image\/jpeg"}],"twitter_card":"summary_large_image","twitter_misc":{"Gesch\u00e4tzte Lesezeit":"1\u00a0Minute"},"schema":{"@context":"https:\/\/schema.org","@graph":[{"@type":"WebPage","@id":"https:\/\/www.ferag-technologies.com\/de\/product\/seitenschweissautomat-uni-20s\/","url":"https:\/\/www.ferag-technologies.com\/de\/product\/seitenschweissautomat-uni-20s\/","name":"Seitenschwei\u00dfautomat UNI 20S - Ferag Technologies","isPartOf":{"@id":"https:\/\/www.ferag-technologies.com\/de\/#website"},"primaryImageOfPage":{"@id":"https:\/\/www.ferag-technologies.com\/de\/product\/seitenschweissautomat-uni-20s\/#primaryimage"},"image":{"@id":"https:\/\/www.ferag-technologies.com\/de\/product\/seitenschweissautomat-uni-20s\/#primaryimage"},"thumbnailUrl":"https:\/\/www.ferag-technologies.com\/wp-content\/uploads\/2025\/08\/csm_Affeldt_UNI20S_56be26a37f.jpg","datePublished":"2025-08-18T12:09:35+00:00","dateModified":"2025-09-08T13:16:42+00:00","breadcrumb":{"@id":"https:\/\/www.ferag-technologies.com\/de\/product\/seitenschweissautomat-uni-20s\/#breadcrumb"},"inLanguage":"de","potentialAction":[{"@type":"ReadAction","target":["https:\/\/www.ferag-technologies.com\/de\/product\/seitenschweissautomat-uni-20s\/"]}]},{"@type":"ImageObject","inLanguage":"de","@id":"https:\/\/www.ferag-technologies.com\/de\/product\/seitenschweissautomat-uni-20s\/#primaryimage","url":"https:\/\/www.ferag-technologies.com\/wp-content\/uploads\/2025\/08\/csm_Affeldt_UNI20S_56be26a37f.jpg","contentUrl":"https:\/\/www.ferag-technologies.com\/wp-content\/uploads\/2025\/08\/csm_Affeldt_UNI20S_56be26a37f.jpg","width":1600,"height":1437},{"@type":"BreadcrumbList","@id":"https:\/\/www.ferag-technologies.com\/de\/product\/seitenschweissautomat-uni-20s\/#breadcrumb","itemListElement":[{"@type":"ListItem","position":1,"name":"Home","item":"https:\/\/www.ferag-technologies.com\/de\/"},{"@type":"ListItem","position":2,"name":"Products","item":"https:\/\/www.ferag-technologies.com\/de\/products\/"},{"@type":"ListItem","position":3,"name":"Seitenschwei\u00dfautomat UNI 20S"}]},{"@type":"WebSite","@id":"https:\/\/www.ferag-technologies.com\/de\/#website","url":"https:\/\/www.ferag-technologies.com\/de\/","name":"Ferag Technologies","description":"","publisher":{"@id":"https:\/\/www.ferag-technologies.com\/de\/#organization"},"potentialAction":[{"@type":"SearchAction","target":{"@type":"EntryPoint","urlTemplate":"https:\/\/www.ferag-technologies.com\/de\/?s={search_term_string}"},"query-input":{"@type":"PropertyValueSpecification","valueRequired":true,"valueName":"search_term_string"}}],"inLanguage":"de"},{"@type":"Organization","@id":"https:\/\/www.ferag-technologies.com\/de\/#organization","name":"Ferag Print","url":"https:\/\/www.ferag-technologies.com\/de\/","logo":{"@type":"ImageObject","inLanguage":"de","@id":"https:\/\/www.ferag-technologies.com\/de\/#\/schema\/logo\/image\/","url":"https:\/\/www.ferag-technologies.com\/wp-content\/uploads\/2025\/09\/ferag-logo.png","contentUrl":"https:\/\/www.ferag-technologies.com\/wp-content\/uploads\/2025\/09\/ferag-logo.png","width":451,"height":140,"caption":"Ferag Print"},"image":{"@id":"https:\/\/www.ferag-technologies.com\/de\/#\/schema\/logo\/image\/"},"sameAs":["https:\/\/www.linkedin.com\/company\/ferag-print\/"]}]}},"_links":{"self":[{"href":"https:\/\/www.ferag-technologies.com\/de\/wp-json\/wp\/v2\/product\/1886","targetHints":{"allow":["GET"]}}],"collection":[{"href":"https:\/\/www.ferag-technologies.com\/de\/wp-json\/wp\/v2\/product"}],"about":[{"href":"https:\/\/www.ferag-technologies.com\/de\/wp-json\/wp\/v2\/types\/product"}],"wp:featuredmedia":[{"embeddable":true,"href":"https:\/\/www.ferag-technologies.com\/de\/wp-json\/wp\/v2\/media\/1305"}],"wp:attachment":[{"href":"https:\/\/www.ferag-technologies.com\/de\/wp-json\/wp\/v2\/media?parent=1886"}],"wp:term":[{"taxonomy":"product_category","embeddable":true,"href":"https:\/\/www.ferag-technologies.com\/de\/wp-json\/wp\/v2\/product_category?post=1886"},{"taxonomy":"product_type","embeddable":true,"href":"https:\/\/www.ferag-technologies.com\/de\/wp-json\/wp\/v2\/product_type?post=1886"}],"curies":[{"name":"wp","href":"https:\/\/api.w.org\/{rel}","templated":true}]}}