{"id":386,"date":"2025-08-01T12:59:53","date_gmt":"2025-08-01T11:59:53","guid":{"rendered":"https:\/\/www.ferag-technologies.com\/career\/"},"modified":"2026-02-16T09:11:31","modified_gmt":"2026-02-16T08:11:31","slug":"career","status":"publish","type":"page","link":"https:\/\/www.ferag-technologies.com\/de\/unternehmen\/career\/","title":{"rendered":"Karriere"},"content":{"rendered":"\n<div class=\"content-block full-width-section\" id=\"content-block-block_2aae4a78f679025d09de963e8a296b08\">\n    <div class=\"container\">\n        <div class=\"row align-items-center\">\n            <div class=\"col-12\">\n                                    <p class=\"summary\">Wir sind ein vertrauensw\u00fcrdiges Familienunternehmen und entwickeln gemeinsam die besten F\u00f6rderl\u00f6sungen und Sortiersysteme weltweit. Wir feiern Macher und f\u00f6rdern neugierige junge Talente mit Leidenschaft. Seit mehr als 65 Jahren vertrauen Kunden aus aller Welt auf die Leistungsf\u00e4higkeit und Zuverl\u00e4ssigkeit dieses Schweizer Familienunternehmens. Mit Ihrem Talent, Ihrer Leidenschaft und Ihrem Know-how k\u00f6nnen Sie gemeinsam mit uns die Zukunft gestalten.<\/p>\n                                <p><p>Werden Sie Teil unseres Teams und entwickeln Sie gemeinsam mit uns innovative Technologien und Dienstleistungen, die wirklich etwas bewegen. Bei Ferag finden Sie den idealen Ort, um Ihre Talente in einer Branche zu entfalten, die komplexe L\u00f6sungen mit technologischer Innovation verbindet. Ob als Auszubildender oder erfahrener Fachmann \u2013 es erwarten Sie spannende Herausforderungen in einem vielf\u00e4ltigen Arbeitsumfeld.<\/p>\n<\/p>\n            <\/div>\n        <\/div>\n    <\/div>\n<\/div>\n\n\n    <div class=\"fact-row full-width-section\">\n        <div class=\"container\">\n            <div class=\"row\">\n                                    <div class=\"col-6 col-md-3\">\n                        <p class=\"number\">1957<\/p>\n                        <p class=\"title\">Gr\u00fcndungsjahr<\/p>\n                    <\/div>\n                                    <div class=\"col-6 col-md-3\">\n                        <p class=\"number\">18<\/p>\n                        <p class=\"title\">L\u00e4nder mit eigenen Vertriebsgesellschaften<\/p>\n                    <\/div>\n                                    <div class=\"col-6 col-md-3\">\n                        <p class=\"number\">550+<\/p>\n                        <p class=\"title\">Mitarbeiter weltweit<\/p>\n                    <\/div>\n                                    <div class=\"col-6 col-md-3\">\n                        <p class=\"number\">9000+<\/p>\n                        <p class=\"title\">Eingetragene Patente<\/p>\n                    <\/div>\n                            <\/div>\n        <\/div>\n    <\/div>\n\n\n\n<div class=\"content-image-block full-width-section\" id=\"block_ce6992641dbcb995c8cee9f31f3c71c0\">\n    <div class=\"container\">\n        <div class=\"row align-items-center\">\n            <div class=\"col-12 col-lg-6\">\n                <img loading=\"lazy\" decoding=\"async\" width=\"1200\" height=\"827\" src=\"https:\/\/www.ferag-technologies.com\/wp-content\/uploads\/2026\/02\/apprentices-working-together-in-the-workplace-1200x827.webp\" class=\"img-fluid\" alt=\"\" srcset=\"https:\/\/www.ferag-technologies.com\/wp-content\/uploads\/2026\/02\/apprentices-working-together-in-the-workplace-1200x827.webp 1200w, https:\/\/www.ferag-technologies.com\/wp-content\/uploads\/2026\/02\/apprentices-working-together-in-the-workplace-300x207.webp 300w, https:\/\/www.ferag-technologies.com\/wp-content\/uploads\/2026\/02\/apprentices-working-together-in-the-workplace-1024x706.webp 1024w, https:\/\/www.ferag-technologies.com\/wp-content\/uploads\/2026\/02\/apprentices-working-together-in-the-workplace-768x530.webp 768w, https:\/\/www.ferag-technologies.com\/wp-content\/uploads\/2026\/02\/apprentices-working-together-in-the-workplace-1536x1059.webp 1536w, https:\/\/www.ferag-technologies.com\/wp-content\/uploads\/2026\/02\/apprentices-working-together-in-the-workplace-2048x1412.webp 2048w, https:\/\/www.ferag-technologies.com\/wp-content\/uploads\/2026\/02\/apprentices-working-together-in-the-workplace-600x414.webp 600w, https:\/\/www.ferag-technologies.com\/wp-content\/uploads\/2026\/02\/apprentices-working-together-in-the-workplace-800x552.webp 800w\" sizes=\"auto, (max-width: 1200px) 100vw, 1200px\" \/>            <\/div>\n            <div class=\"col-12 col-lg-6 text-column order-2\">\n                                    <h2>Ferag als Arbeitgeber<\/h2>\n                                                    <p>Bei Ferag bieten wir mehr als nur einen Job \u2013 wir bieten die M\u00f6glichkeit, Teil eines globalen Innovationsf\u00fchrers mit Schweizer Wurzeln und einer familienorientierten Kultur zu sein. Mit \u00fcber 65 Jahren Erfahrung in der Entwicklung von Hochleistungssystemen f\u00fcr die Druck- und Logistikbranche stehen wir f\u00fcr Exzellenz, Zuverl\u00e4ssigkeit und kontinuierliche Weiterentwicklung. Unsere Teams arbeiten in verschiedenen Branchen, vom E-Commerce \u00fcber die Fertigung bis hin zur Postautomatisierung, und liefern intelligente Intralogistikl\u00f6sungen, die die Zukunft gestalten.  <\/p>\n<div>\n<div>Als Arbeitgeber investieren wir in langfristige Entwicklung und legen Wert auf praktische Zusammenarbeit, technisches Know-how und Unternehmergeist. Mit rund 550 Mitarbeitern weltweit und eigenen Schulungswerkst\u00e4tten f\u00f6rdern wir eine Kultur des Wachstums, der Innovation und der Verantwortung \u2013 egal, ob Sie ein erfahrener Experte sind oder gerade erst Ihre Karriere beginnen. Kommen Sie zu uns und gestalten Sie mit uns den Waren- und Informationsfluss neu.  <\/div>\n<\/div>\n                            <\/div>\n        <\/div>\n    <\/div>\n<\/div>\n\n\n<div class=\"quote-block full-width-section bg\" id=\"quote-block-block_72379a2cb1300bdd358aeb40fe5331f0\">\n    <div class=\"container\">\n        <div class=\"row align-items-center\">\n            <div class=\"col-12 col-xl-8 offset-xl-2\">\n                <p class=\"quote\">The best way to predict the future is to create it.<\/p>\n                <p class=\"person-name\">Peter Drucker<\/p>\n                <p class=\"person-position\"><\/p>\n            <\/div>\n        <\/div>\n    <\/div>\n<\/div>\n\n\n\n<div class=\"multi-page-teaser-block full-width-section\" id=\"multi-page-teaser-block-block_1198ea6f7146ed1264d588e253570c72\">\n    <div class=\"container\">\n        <div class=\"row\">\n            <div class=\"col-12 col-lg-6 offset-lg-3\">\n                <h2>Ihre Karrierem\u00f6glichkeiten<\/h2>\n                <p>Werden Sie Teil von Ferag und einem dynamischen Team, das die Zukunft innovativer Technologien gestaltet. Gemeinsam machen wir Branchen intelligenter \u2013 mit Innovationen und Dienstleistungen, die wirklich begeistern. <\/p>\n            <\/div>\n        <\/div>\n        <div class=\"row\">\n                            <div class=\"col-12 col-md-6 col-xl-4\">\n                    <div class=\"page-teaser-card\">\n                        <h3>Online-Bewerbungen<\/h3>\n                        <p>Starten Sie Ihre Karriere bei Ferag mit nur wenigen Klicks! Mit unserem einfachen und transparenten Online-Bewerbungsformular k\u00f6nnen Sie Ihre Unterlagen hochladen, ein kurzes Formular ausf\u00fcllen und Ihre Bewerbung schnell abschicken. <\/p>\n\n                                                <a href=\"https:\/\/recruitingapp-2970.umantis.com\/Jobs\/1?lang=ger&#038;CompanyID=1&#038;DesignID=00\" class=\"btn btn-primary\">\n                            Offene Stellen anzeigen                        <\/a>\n\n                    <\/div>\n                <\/div>\n                            <div class=\"col-12 col-md-6 col-xl-4\">\n                    <div class=\"page-teaser-card\">\n                        <h3>Initiativbewerbungen<\/h3>\n                        <p>Keine passende Stelle gefunden? Kein Problem! \u00dcberzeugen Sie uns mit Ihrer Initiative. Zeigen Sie uns, was Sie einzigartig macht, und reichen Sie Ihre Initiativbewerbung \u00fcber unser Portal ein. Lassen Sie uns gemeinsam Ihr Potenzial entdecken.<\/p>\n\n                                                <a href=\"https:\/\/www.ferag-technologies.com\/de\/kontakt\/\" class=\"btn btn-primary\">\n                            Kontaktieren Sie uns                        <\/a>\n\n                    <\/div>\n                <\/div>\n                            <div class=\"col-12 col-md-6 col-xl-4\">\n                    <div class=\"page-teaser-card\">\n                        <h3>Berufsausbildung<\/h3>\n                        <p>Die Auszubildenden von heute sind die Innovatoren von morgen. Seit 1965 bilden wir junge Fachkr\u00e4fte in unseren eigenen Werkst\u00e4tten aus. Wir f\u00f6rdern die pers\u00f6nliche Entwicklung, bieten Praktika an und bereiten Sie auf eine erfolgreiche Zukunft in der Schweizer Industrie vor.<\/p>\n\n                                                <a href=\"https:\/\/www.ferag-technologies.com\/de\/berufliche-bildung-2\/\" class=\"btn btn-primary\">\n                            Erfahren Sie mehr                        <\/a>\n\n                    <\/div>\n                <\/div>\n                    <\/div>\n    <\/div>\n<\/div>\n\n\n    <div class=\"icon-row full-width-section\">\n        <div class=\"container\">\n            <div class=\"row\">\n                <div class=\"col-12\">\n                    <h2>Unsere Werte als Arbeitgeber<\/h2>\n                <\/div>\n            <\/div>\n            <div class=\"row\">\n                                    <div class=\"col-12 col-md-4 col-lg-3 col-xl icon-col\">\n                                                    <img decoding=\"async\" src=\"https:\/\/www.ferag-technologies.com\/wp-content\/uploads\/2025\/08\/icon_tradition.svg\" alt=\"\">\n                                                \n                                                    <h3>Tradition<\/h3>\n                                                \n                                                    <p>Eine starke Familienunternehmenskultur, die seit unserer Gr\u00fcndung vor \u00fcber 65 Jahren auf langj\u00e4hrigen Werten, Verantwortung und Nachhaltigkeit basiert.<\/p>\n                                            <\/div>\n                                    <div class=\"col-12 col-md-4 col-lg-3 col-xl icon-col\">\n                                                    <img decoding=\"async\" src=\"https:\/\/www.ferag-technologies.com\/wp-content\/uploads\/2025\/08\/icon_innovation.svg\" alt=\"\">\n                                                \n                                                    <h3>Innovation<\/h3>\n                                                \n                                                    <p>Spannende, zukunftsorientierte Arbeit mit M\u00f6glichkeiten, sich weiterzuentwickeln, etwas zu schaffen und bedeutende Ver\u00e4nderungen in einem dynamischen technischen Umfeld voranzutreiben.<\/p>\n                                            <\/div>\n                                    <div class=\"col-12 col-md-4 col-lg-3 col-xl icon-col\">\n                                                    <img decoding=\"async\" src=\"https:\/\/www.ferag-technologies.com\/wp-content\/uploads\/2025\/08\/icon_team.svg\" alt=\"\">\n                                                \n                                                    <h3>Teamgeist<\/h3>\n                                                \n                                                    <p>Arbeiten Sie in einem kooperativen, internationalen Umfeld, in dem Teamwork, Vielfalt und gemeinsamer Erfolg im Mittelpunkt stehen.<\/p>\n                                            <\/div>\n                                    <div class=\"col-12 col-md-4 col-lg-3 col-xl icon-col\">\n                                                    <img decoding=\"async\" src=\"https:\/\/www.ferag-technologies.com\/wp-content\/uploads\/2025\/08\/icon_wertschaetzung.svg\" alt=\"\">\n                                                \n                                                    <h3>Wertsch\u00e4tzung<\/h3>\n                                                \n                                                    <p>Wir sch\u00e4tzen Ihren Beitrag und bieten Ihnen langfristige Karrierechancen mit Respekt, Anerkennung und Unterst\u00fctzung f\u00fcr Ihre Entwicklung.<\/p>\n                                            <\/div>\n                                    <div class=\"col-12 col-md-4 col-lg-3 col-xl icon-col\">\n                                                    <img decoding=\"async\" src=\"https:\/\/www.ferag-technologies.com\/wp-content\/uploads\/2025\/08\/icon_vertrauen.svg\" alt=\"\">\n                                                \n                                                    <h3>Vertrauen<\/h3>\n                                                \n                                                    <p>\u00dcbernehmen Sie Verantwortung f\u00fcr Ihre Arbeit und genie\u00dfen Sie echte Freiheit, Ideen zu entwickeln, Entscheidungen zu treffen und in einer vertrauensvollen Kultur zu wachsen.<\/p>\n                                            <\/div>\n                            <\/div>\n        <\/div>\n    <\/div>\n\n\n\n<p><\/p>\n","protected":false},"excerpt":{"rendered":"<p> [&#8230;]<\/p>\n<p><a class=\"btn btn-secondary understrap-read-more-link\" href=\"https:\/\/www.ferag-technologies.com\/de\/unternehmen\/career\/\">Weiterlesen\u00a0\u2026<span class=\"screen-reader-text\"> from Karriere<\/span><\/a><\/p>\n","protected":false},"author":1,"featured_media":334,"parent":390,"menu_order":0,"comment_status":"closed","ping_status":"closed","template":"","meta":{"_acf_changed":false,"_searchwp_excluded":"","footnotes":""},"categories":[],"class_list":["post-386","page","type-page","status-publish","has-post-thumbnail","hentry"],"acf":[],"yoast_head":"<!-- This site is optimized with the Yoast SEO Premium plugin v26.6 (Yoast SEO v27.3) - https:\/\/yoast.com\/product\/yoast-seo-premium-wordpress\/ -->\n<title>Karriere - Ferag Technologies<\/title>\n<meta name=\"description\" content=\"Interested in building innovative technologie and delivering service that truly makes a difference? Build your future with Ferag.\" \/>\n<meta name=\"robots\" content=\"index, follow, max-snippet:-1, max-image-preview:large, max-video-preview:-1\" \/>\n<link rel=\"canonical\" href=\"https:\/\/www.ferag-technologies.com\/de\/unternehmen\/career\/\" \/>\n<meta property=\"og:locale\" content=\"de_DE\" \/>\n<meta property=\"og:type\" content=\"article\" \/>\n<meta property=\"og:title\" content=\"Karriere\" \/>\n<meta property=\"og:description\" content=\"Interested in building innovative technologie and delivering service that truly makes a difference? Build your future with Ferag.\" \/>\n<meta property=\"og:url\" content=\"https:\/\/www.ferag-technologies.com\/de\/unternehmen\/career\/\" \/>\n<meta property=\"og:site_name\" content=\"Ferag Technologies\" \/>\n<meta property=\"article:modified_time\" content=\"2026-02-16T08:11:31+00:00\" \/>\n<meta property=\"og:image\" content=\"https:\/\/www.ferag-technologies.com\/wp-content\/uploads\/2025\/08\/career-teaser-scaled-1.jpeg\" \/>\n\t<meta property=\"og:image:width\" content=\"2560\" \/>\n\t<meta property=\"og:image:height\" content=\"1178\" \/>\n\t<meta property=\"og:image:type\" content=\"image\/jpeg\" \/>\n<meta name=\"twitter:card\" content=\"summary_large_image\" \/>\n<meta name=\"twitter:label1\" content=\"Gesch\u00e4tzte Lesezeit\" \/>\n\t<meta name=\"twitter:data1\" content=\"4\u00a0Minuten\" \/>\n<script type=\"application\/ld+json\" class=\"yoast-schema-graph\">{\"@context\":\"https:\\\/\\\/schema.org\",\"@graph\":[{\"@type\":\"WebPage\",\"@id\":\"https:\\\/\\\/www.ferag-technologies.com\\\/de\\\/unternehmen\\\/career\\\/\",\"url\":\"https:\\\/\\\/www.ferag-technologies.com\\\/de\\\/unternehmen\\\/career\\\/\",\"name\":\"Karriere - Ferag Technologies\",\"isPartOf\":{\"@id\":\"https:\\\/\\\/www.ferag-technologies.com\\\/de\\\/#website\"},\"primaryImageOfPage\":{\"@id\":\"https:\\\/\\\/www.ferag-technologies.com\\\/de\\\/unternehmen\\\/career\\\/#primaryimage\"},\"image\":{\"@id\":\"https:\\\/\\\/www.ferag-technologies.com\\\/de\\\/unternehmen\\\/career\\\/#primaryimage\"},\"thumbnailUrl\":\"https:\\\/\\\/www.ferag-technologies.com\\\/wp-content\\\/uploads\\\/2025\\\/08\\\/career-teaser-scaled-1.jpeg\",\"datePublished\":\"2025-08-01T11:59:53+00:00\",\"dateModified\":\"2026-02-16T08:11:31+00:00\",\"description\":\"Interested in building innovative technologie and delivering service that truly makes a difference? Build your future with Ferag.\",\"breadcrumb\":{\"@id\":\"https:\\\/\\\/www.ferag-technologies.com\\\/de\\\/unternehmen\\\/career\\\/#breadcrumb\"},\"inLanguage\":\"de\",\"potentialAction\":[{\"@type\":\"ReadAction\",\"target\":[\"https:\\\/\\\/www.ferag-technologies.com\\\/de\\\/unternehmen\\\/career\\\/\"]}]},{\"@type\":\"ImageObject\",\"inLanguage\":\"de\",\"@id\":\"https:\\\/\\\/www.ferag-technologies.com\\\/de\\\/unternehmen\\\/career\\\/#primaryimage\",\"url\":\"https:\\\/\\\/www.ferag-technologies.com\\\/wp-content\\\/uploads\\\/2025\\\/08\\\/career-teaser-scaled-1.jpeg\",\"contentUrl\":\"https:\\\/\\\/www.ferag-technologies.com\\\/wp-content\\\/uploads\\\/2025\\\/08\\\/career-teaser-scaled-1.jpeg\",\"width\":2560,\"height\":1178},{\"@type\":\"BreadcrumbList\",\"@id\":\"https:\\\/\\\/www.ferag-technologies.com\\\/de\\\/unternehmen\\\/career\\\/#breadcrumb\",\"itemListElement\":[{\"@type\":\"ListItem\",\"position\":1,\"name\":\"Home\",\"item\":\"https:\\\/\\\/www.ferag-technologies.com\\\/de\\\/\"},{\"@type\":\"ListItem\",\"position\":2,\"name\":\"Unternehmen\",\"item\":\"https:\\\/\\\/www.ferag-technologies.com\\\/de\\\/unternehmen\\\/\"},{\"@type\":\"ListItem\",\"position\":3,\"name\":\"Karriere\"}]},{\"@type\":\"WebSite\",\"@id\":\"https:\\\/\\\/www.ferag-technologies.com\\\/de\\\/#website\",\"url\":\"https:\\\/\\\/www.ferag-technologies.com\\\/de\\\/\",\"name\":\"Ferag Technologies\",\"description\":\"\",\"publisher\":{\"@id\":\"https:\\\/\\\/www.ferag-technologies.com\\\/de\\\/#organization\"},\"potentialAction\":[{\"@type\":\"SearchAction\",\"target\":{\"@type\":\"EntryPoint\",\"urlTemplate\":\"https:\\\/\\\/www.ferag-technologies.com\\\/de\\\/?s={search_term_string}\"},\"query-input\":{\"@type\":\"PropertyValueSpecification\",\"valueRequired\":true,\"valueName\":\"search_term_string\"}}],\"inLanguage\":\"de\"},{\"@type\":\"Organization\",\"@id\":\"https:\\\/\\\/www.ferag-technologies.com\\\/de\\\/#organization\",\"name\":\"Ferag Print\",\"url\":\"https:\\\/\\\/www.ferag-technologies.com\\\/de\\\/\",\"logo\":{\"@type\":\"ImageObject\",\"inLanguage\":\"de\",\"@id\":\"https:\\\/\\\/www.ferag-technologies.com\\\/de\\\/#\\\/schema\\\/logo\\\/image\\\/\",\"url\":\"https:\\\/\\\/www.ferag-technologies.com\\\/wp-content\\\/uploads\\\/2025\\\/09\\\/ferag-logo.png\",\"contentUrl\":\"https:\\\/\\\/www.ferag-technologies.com\\\/wp-content\\\/uploads\\\/2025\\\/09\\\/ferag-logo.png\",\"width\":451,\"height\":140,\"caption\":\"Ferag Print\"},\"image\":{\"@id\":\"https:\\\/\\\/www.ferag-technologies.com\\\/de\\\/#\\\/schema\\\/logo\\\/image\\\/\"},\"sameAs\":[\"https:\\\/\\\/www.linkedin.com\\\/company\\\/ferag-print\\\/\"]}]}<\/script>\n<!-- \/ Yoast SEO Premium plugin. -->","yoast_head_json":{"title":"Karriere - Ferag Technologies","description":"Interested in building innovative technologie and delivering service that truly makes a difference? Build your future with Ferag.","robots":{"index":"index","follow":"follow","max-snippet":"max-snippet:-1","max-image-preview":"max-image-preview:large","max-video-preview":"max-video-preview:-1"},"canonical":"https:\/\/www.ferag-technologies.com\/de\/unternehmen\/career\/","og_locale":"de_DE","og_type":"article","og_title":"Karriere","og_description":"Interested in building innovative technologie and delivering service that truly makes a difference? Build your future with Ferag.","og_url":"https:\/\/www.ferag-technologies.com\/de\/unternehmen\/career\/","og_site_name":"Ferag Technologies","article_modified_time":"2026-02-16T08:11:31+00:00","og_image":[{"width":2560,"height":1178,"url":"https:\/\/www.ferag-technologies.com\/wp-content\/uploads\/2025\/08\/career-teaser-scaled-1.jpeg","type":"image\/jpeg"}],"twitter_card":"summary_large_image","twitter_misc":{"Gesch\u00e4tzte Lesezeit":"4\u00a0Minuten"},"schema":{"@context":"https:\/\/schema.org","@graph":[{"@type":"WebPage","@id":"https:\/\/www.ferag-technologies.com\/de\/unternehmen\/career\/","url":"https:\/\/www.ferag-technologies.com\/de\/unternehmen\/career\/","name":"Karriere - Ferag Technologies","isPartOf":{"@id":"https:\/\/www.ferag-technologies.com\/de\/#website"},"primaryImageOfPage":{"@id":"https:\/\/www.ferag-technologies.com\/de\/unternehmen\/career\/#primaryimage"},"image":{"@id":"https:\/\/www.ferag-technologies.com\/de\/unternehmen\/career\/#primaryimage"},"thumbnailUrl":"https:\/\/www.ferag-technologies.com\/wp-content\/uploads\/2025\/08\/career-teaser-scaled-1.jpeg","datePublished":"2025-08-01T11:59:53+00:00","dateModified":"2026-02-16T08:11:31+00:00","description":"Interested in building innovative technologie and delivering service that truly makes a difference? Build your future with Ferag.","breadcrumb":{"@id":"https:\/\/www.ferag-technologies.com\/de\/unternehmen\/career\/#breadcrumb"},"inLanguage":"de","potentialAction":[{"@type":"ReadAction","target":["https:\/\/www.ferag-technologies.com\/de\/unternehmen\/career\/"]}]},{"@type":"ImageObject","inLanguage":"de","@id":"https:\/\/www.ferag-technologies.com\/de\/unternehmen\/career\/#primaryimage","url":"https:\/\/www.ferag-technologies.com\/wp-content\/uploads\/2025\/08\/career-teaser-scaled-1.jpeg","contentUrl":"https:\/\/www.ferag-technologies.com\/wp-content\/uploads\/2025\/08\/career-teaser-scaled-1.jpeg","width":2560,"height":1178},{"@type":"BreadcrumbList","@id":"https:\/\/www.ferag-technologies.com\/de\/unternehmen\/career\/#breadcrumb","itemListElement":[{"@type":"ListItem","position":1,"name":"Home","item":"https:\/\/www.ferag-technologies.com\/de\/"},{"@type":"ListItem","position":2,"name":"Unternehmen","item":"https:\/\/www.ferag-technologies.com\/de\/unternehmen\/"},{"@type":"ListItem","position":3,"name":"Karriere"}]},{"@type":"WebSite","@id":"https:\/\/www.ferag-technologies.com\/de\/#website","url":"https:\/\/www.ferag-technologies.com\/de\/","name":"Ferag Technologies","description":"","publisher":{"@id":"https:\/\/www.ferag-technologies.com\/de\/#organization"},"potentialAction":[{"@type":"SearchAction","target":{"@type":"EntryPoint","urlTemplate":"https:\/\/www.ferag-technologies.com\/de\/?s={search_term_string}"},"query-input":{"@type":"PropertyValueSpecification","valueRequired":true,"valueName":"search_term_string"}}],"inLanguage":"de"},{"@type":"Organization","@id":"https:\/\/www.ferag-technologies.com\/de\/#organization","name":"Ferag Print","url":"https:\/\/www.ferag-technologies.com\/de\/","logo":{"@type":"ImageObject","inLanguage":"de","@id":"https:\/\/www.ferag-technologies.com\/de\/#\/schema\/logo\/image\/","url":"https:\/\/www.ferag-technologies.com\/wp-content\/uploads\/2025\/09\/ferag-logo.png","contentUrl":"https:\/\/www.ferag-technologies.com\/wp-content\/uploads\/2025\/09\/ferag-logo.png","width":451,"height":140,"caption":"Ferag Print"},"image":{"@id":"https:\/\/www.ferag-technologies.com\/de\/#\/schema\/logo\/image\/"},"sameAs":["https:\/\/www.linkedin.com\/company\/ferag-print\/"]}]}},"_links":{"self":[{"href":"https:\/\/www.ferag-technologies.com\/de\/wp-json\/wp\/v2\/pages\/386","targetHints":{"allow":["GET"]}}],"collection":[{"href":"https:\/\/www.ferag-technologies.com\/de\/wp-json\/wp\/v2\/pages"}],"about":[{"href":"https:\/\/www.ferag-technologies.com\/de\/wp-json\/wp\/v2\/types\/page"}],"author":[{"embeddable":true,"href":"https:\/\/www.ferag-technologies.com\/de\/wp-json\/wp\/v2\/users\/1"}],"replies":[{"embeddable":true,"href":"https:\/\/www.ferag-technologies.com\/de\/wp-json\/wp\/v2\/comments?post=386"}],"version-history":[{"count":16,"href":"https:\/\/www.ferag-technologies.com\/de\/wp-json\/wp\/v2\/pages\/386\/revisions"}],"predecessor-version":[{"id":3087,"href":"https:\/\/www.ferag-technologies.com\/de\/wp-json\/wp\/v2\/pages\/386\/revisions\/3087"}],"up":[{"embeddable":true,"href":"https:\/\/www.ferag-technologies.com\/de\/wp-json\/wp\/v2\/pages\/390"}],"wp:featuredmedia":[{"embeddable":true,"href":"https:\/\/www.ferag-technologies.com\/de\/wp-json\/wp\/v2\/media\/334"}],"wp:attachment":[{"href":"https:\/\/www.ferag-technologies.com\/de\/wp-json\/wp\/v2\/media?parent=386"}],"wp:term":[{"taxonomy":"category","embeddable":true,"href":"https:\/\/www.ferag-technologies.com\/de\/wp-json\/wp\/v2\/categories?post=386"}],"curies":[{"name":"wp","href":"https:\/\/api.w.org\/{rel}","templated":true}]}}